{"id":1957,"date":"2024-07-22T07:24:00","date_gmt":"2024-07-22T12:24:00","guid":{"rendered":"https:\/\/usitech2000.com\/?page_id=1957"},"modified":"2024-07-22T07:27:45","modified_gmt":"2024-07-22T12:27:45","slug":"conditions-dutilisation","status":"publish","type":"page","link":"https:\/\/usitech2000.com\/fr\/conditions-dutilisation\/","title":{"rendered":"Conditions d\u2019utilisation"},"content":{"rendered":"\t\t<div data-elementor-type=\"wp-page\" data-elementor-id=\"1957\" class=\"elementor elementor-1957\" data-elementor-post-type=\"page\">\n\t\t\t\t<div class=\"elementor-element elementor-element-7f8af83 e-flex e-con-boxed e-con e-parent\" data-id=\"7f8af83\" data-element_type=\"container\" data-e-type=\"container\">\n\t\t\t\t\t<div class=\"e-con-inner\">\n\t\t\t\t<div class=\"elementor-element elementor-element-e59d5a4 elementor-widget elementor-widget-spacer\" data-id=\"e59d5a4\" data-element_type=\"widget\" data-e-type=\"widget\" data-widget_type=\"spacer.default\">\n\t\t\t\t<div class=\"elementor-widget-container\">\n\t\t\t\t\t\t\t<div class=\"elementor-spacer\">\n\t\t\t<div class=\"elementor-spacer-inner\"><\/div>\n\t\t<\/div>\n\t\t\t\t\t\t<\/div>\n\t\t\t\t<\/div>\n\t\t\t\t<div class=\"elementor-element elementor-element-d75bf46 elementor-widget elementor-widget-heading\" data-id=\"d75bf46\" data-element_type=\"widget\" data-e-type=\"widget\" data-widget_type=\"heading.default\">\n\t\t\t\t<div class=\"elementor-widget-container\">\n\t\t\t\t\t<h2 class=\"elementor-heading-title elementor-size-default\">Conditions d'utilisation<\/h2>\t\t\t\t<\/div>\n\t\t\t\t<\/div>\n\t\t\t\t\t<\/div>\n\t\t\t\t<\/div>\n\t\t<div class=\"elementor-element elementor-element-0176f7e e-flex e-con-boxed e-con e-parent\" data-id=\"0176f7e\" data-element_type=\"container\" data-e-type=\"container\">\n\t\t\t\t\t<div class=\"e-con-inner\">\n\t\t\t\t<div class=\"elementor-element elementor-element-631497d elementor-widget elementor-widget-text-editor\" data-id=\"631497d\" data-element_type=\"widget\" data-e-type=\"widget\" data-widget_type=\"text-editor.default\">\n\t\t\t\t<div class=\"elementor-widget-container\">\n\t\t\t\t\t\t\t\t\t<p><strong>G\u00e9n\u00e9rales<\/strong><\/p><p>Ce site web et ses sous-sites (ci-apr\u00e8s d\u00e9sign\u00e9s comme le \u00ab Site \u00bb) sont publi\u00e9s et maintenus par Usitech 2000 Inc. Votre utilisation du Site est soumise \u00e0 un accord juridiquement contraignant entre vous et Usitech 2000 Inc. (\u00ab l&#8217;Accord \u00bb). En utilisant le Site, vous reconnaissez avoir lu, compris et accept\u00e9 les conditions g\u00e9n\u00e9rales ainsi que tous les documents connexes.<\/p><p><strong>Licence<\/strong><\/p><p>Sous r\u00e9serve des conditions g\u00e9n\u00e9rales \u00e9nonc\u00e9es dans cet Accord, Usitech 2000 Inc. vous accorde un droit d&#8217;acc\u00e8s non exclusif, non transf\u00e9rable et limit\u00e9 pour acc\u00e9der \u00e0 ce Site et aux documents qu&#8217;il contient, pour les utiliser et les afficher. Vous acceptez de ne pas interrompre ou tenter d&#8217;interrompre le fonctionnement du Site de quelque mani\u00e8re que ce soit.<\/p><p>Usitech 2000 Inc. vous autorise \u00e0 consulter et t\u00e9l\u00e9charger des informations (\u00ab Documents \u00bb) sur le Site uniquement pour votre usage personnel et non commercial. Cette autorisation ne transf\u00e8re pas la propri\u00e9t\u00e9 des Documents, et les copies des Documents sont soumises aux restrictions suivantes : 1) Vous devez conserver sur toutes les copies des Documents t\u00e9l\u00e9charg\u00e9s tous les avis de droits d&#8217;auteur et autres avis de propri\u00e9t\u00e9 intellectuelle contenus dans les Documents ; 2) Vous ne pouvez pas modifier les Documents de quelque mani\u00e8re que ce soit, les reproduire ou les afficher publiquement, les ex\u00e9cuter, les distribuer, les utiliser ou les communiquer \u00e0 des fins publiques ou commerciales ; et 3) Vous ne devez pas transf\u00e9rer les Documents \u00e0 une autre personne \u00e0 moins de les informer des obligations d\u00e9coulant de ces conditions g\u00e9n\u00e9rales, et qu&#8217;ils les acceptent. Vous acceptez de respecter toutes les restrictions suppl\u00e9mentaires affich\u00e9es sur le Site, telles qu&#8217;elles peuvent \u00eatre mises \u00e0 jour de temps \u00e0 autre. Ce Site, y compris tous les Documents, est prot\u00e9g\u00e9 par les lois et trait\u00e9s internationaux sur le droit d&#8217;auteur. Vous acceptez de respecter toutes les lois sur le droit d&#8217;auteur dans le monde entier dans votre utilisation de ce Site et de pr\u00e9venir toute copie non autoris\u00e9e des Documents. Usitech 2000 Inc. ne vous accorde aucun droit explicite ou implicite en vertu de la l\u00e9gislation sur les brevets, les dessins, les marques de commerce, les droits d&#8217;auteur ou les secrets commerciaux.<\/p><p><strong>Garanties de l&#8217;utilisateur<\/strong><\/p><p>Vous d\u00e9clarez et garantissez que vous utiliserez le Site conform\u00e9ment \u00e0 cet Accord, y compris aux lois et dispositions de cet Accord, et que vous respecterez toutes les politiques et r\u00e8gles actuelles et futures du Site. Vous acceptez de ne pas utiliser le Site pour : (a) transmettre du spam ou des communications non sollicit\u00e9es ; (b) vous faire passer pour Usitech 2000 Inc. ou une autre entit\u00e9 ou permettre \u00e0 un tiers de se faire passer pour vous ; (c) falsifier des en-t\u00eates ou manipuler d&#8217;autres identifiants pour dissimuler l&#8217;origine de tout contenu transmis via le Site ; (d) falsifier votre affiliation avec une personne ou une entit\u00e9 ; (e) agir de mani\u00e8re \u00e0 perturber la capacit\u00e9 des autres utilisateurs \u00e0 utiliser le Site ; (f) se livrer \u00e0 des activit\u00e9s qui enfreignent les lois applicables ; (g) publier ou transmettre tout document qui viole ou porte atteinte de quelque mani\u00e8re que ce soit aux droits d&#8217;autrui ou qui est ill\u00e9gal, abusif, diffamatoire, vulgaire ou autrement r\u00e9pr\u00e9hensible, ou qui contient de la publicit\u00e9 ou des sollicitations pour des produits ou services ; ou (h) collecter ou stocker des donn\u00e9es personnelles d&#8217;autres utilisateurs sauf autorisation expresse de ces utilisateurs.<\/p><p><strong>Confidentialit\u00e9<\/strong><\/p><p>Vous pouvez trouver des informations sur les pratiques de protection des informations personnelles d&#8217;Usitech 2000 Inc., sur la mani\u00e8re dont nous collectons et traitons vos donn\u00e9es personnelles, ainsi que sur la fa\u00e7on dont nous prot\u00e9geons votre vie priv\u00e9e dans la Politique de confidentialit\u00e9 d&#8217;Usitech 2000 Inc.<\/p><p>En utilisant ce Site, vous acceptez que vos donn\u00e9es personnelles puissent \u00eatre utilis\u00e9es conform\u00e9ment \u00e0 la Politique de confidentialit\u00e9 d&#8217;Usitech 2000 Inc.<\/p><p><strong>Modifications<\/strong><\/p><p>Usitech 2000 Inc. se r\u00e9serve le droit, \u00e0 sa seule discr\u00e9tion, de modifier, ajouter ou supprimer toute partie de cet Accord, en tout ou en partie, \u00e0 tout moment et sans pr\u00e9avis. Les modifications apport\u00e9es \u00e0 cet Accord deviennent effectives d\u00e8s leur publication sur le Site. En continuant \u00e0 utiliser le Site apr\u00e8s la publication des modifications apport\u00e9es \u00e0 cet Accord, vous les acceptez. Usitech 2000 Inc. n&#8217;est en aucun cas li\u00e9 par cet Accord et se r\u00e9serve le droit d&#8217;affirmer tous ses droits l\u00e9gaux en cas de non-conformit\u00e9.<\/p><p><strong>Droits de propri\u00e9t\u00e9 intellectuelle<\/strong><\/p><p>Vous reconnaissez et acceptez que tous les droits de propri\u00e9t\u00e9 intellectuelle (y compris, mais sans s&#8217;y limiter, les droits d&#8217;auteur, les brevets, le savoir-faire, les informations confidentielles, les droits de base de donn\u00e9es et les droits connexes sur les marques ou les dessins, qu&#8217;ils soient enregistr\u00e9s ou non) sur le Site sont acquis par Usitech 2000 Inc. ou ses conc\u00e9dants de licence. Toute bonne volont\u00e9 et tout droit de propri\u00e9t\u00e9 intellectuelle d\u00e9coulant de l&#8217;utilisation de ces droits de propri\u00e9t\u00e9 intellectuelle acquis par Usitech 2000 Inc. appartiennent \u00e0 Usitech 2000 Inc.<\/p><p>Vous reconnaissez et acceptez que vous ne devez pas utiliser, et rien dans cet Accord ne vous autorise \u00e0 utiliser, les marques de commerce, les noms commerciaux, les marques de service, les marques de produit, les logos, les noms de domaine ou autres caract\u00e9ristiques de marque distinctives d&#8217;Usitech 2000 Inc.<\/p><p>Veuillez noter que toute information non sollicit\u00e9e, suggestion, id\u00e9e ou autre soumission ne sera pas consid\u00e9r\u00e9e comme confidentielle et ne sera pas exclusive. En envoyant toute information ou document, sauf dans une d\u00e9claration d&#8217;information sur les brevets d\u00e9crite dans la politique d&#8217;Usitech 2000 Inc. concernant l&#8217;examen des id\u00e9es non sollicit\u00e9es, vous accordez \u00e0 Usitech 2000 Inc. une licence irr\u00e9vocable, sans redevance, et mondiale pour utiliser, reproduire, afficher, ex\u00e9cuter, modifier, transmettre et distribuer de tels mat\u00e9riaux ou informations, et vous acceptez \u00e9galement qu&#8217;Usitech 2000 Inc. soit libre d&#8217;utiliser les id\u00e9es, concepts, savoir-faire ou techniques que vous nous envoyez \u00e0 toute fin.<\/p><p><strong>Logiciels<\/strong><\/p><p>Tout logiciel pouvant \u00eatre t\u00e9l\u00e9charg\u00e9 \u00e0 partir de ce site web (\u00ab Logiciel \u00bb) est l&#8217;\u0153uvre prot\u00e9g\u00e9e par droit d&#8217;auteur d&#8217;Usitech 2000 Inc. et\/ou de ses fournisseurs.<\/p><p>L&#8217;utilisation du Logiciel est r\u00e9gie par les termes du contrat de licence utilisateur final, le cas \u00e9ch\u00e9ant, accompagnant ou inclus avec le Logiciel (\u00ab Contrat de Licence \u00bb). Sauf disposition contraire dans le Contrat de Licence, le Logiciel peut \u00eatre t\u00e9l\u00e9charg\u00e9 pour une utilisation par des utilisateurs finaux uniquement. Toute reproduction ou redistribution du Logiciel non conforme au Contrat de Licence peut entra\u00eener des sanctions civiles et p\u00e9nales.<\/p><p>SANS LIMITER CE QUI PR\u00c9C\u00c8DE, LA COPIE OU LA REPRODUCTION DU LOGICIEL VERS TOUT AUTRE SERVEUR OU EMPLACEMENT \u00c0 DES FINS DE REPRODUCTION OU DE REDISTRIBUTION EST EXPRESS\u00c9MENT INTERDITE.<\/p><p>LE LOGICIEL EST GARANTI, LE CAS \u00c9CH\u00c9ANT, UNIQUEMENT SELON LES TERMES DU CONTRAT DE LICENCE. SAUF INDICATION CONTRAIRE DANS LE CONTRAT DE LICENCE, Usitech 2000 Inc. D\u00c9CLINE TOUTE GARANTIE ET CONDITION EN CE QUI CONCERNE LE LOGICIEL, Y COMPRIS TOUTE GARANTIE IMPLICITE ET CONDITION DE QUALIT\u00c9 MARCHANDE, D&#8217;ADAPTATION \u00c0 UN USAGE PARTICULIER, DE TITRE ET DE NON-CONTREFA\u00c7ON DES DROITS DES TIERS.<\/p><p><strong>Sites Web de Tiers<\/strong><\/p><p>Pour votre commodit\u00e9, le Site peut inclure des liens vers des sites web d\u00e9tenus, publi\u00e9s et maintenus par des tiers. Usitech 2000 Inc. ne s&#8217;engage pas \u00e0 surveiller ou examiner le contenu de ces sites web de tiers, et Usitech 2000 Inc. n&#8217;est pas responsable de l&#8217;exactitude ou de la fiabilit\u00e9 de ces sites web de tiers.<\/p><p><strong>Liens externes vers le Site<\/strong><\/p><p>Tous les liens vers le Site doivent \u00eatre approuv\u00e9s par \u00e9crit par Usitech 2000 Inc., sauf si Usitech 2000 Inc. consent \u00e0 des liens dans lesquels : (i) le lien est un lien texte contenant uniquement le nom \u00ab Usitech 2000 Inc. \u00bb et ne contient aucune marque de commerce d&#8217;Usitech 2000 Inc. ou de ses conc\u00e9dants de licence ; (ii) le lien \u00ab pointe \u00bb uniquement vers\u00a0<a target=\"_new\" rel=\"noreferrer\">www.usitech2000.com<\/a>\u00a0et non vers des pages plus profondes ; (iii) le lien, lorsqu&#8217;il est activ\u00e9 par un utilisateur, affiche cette page dans une fen\u00eatre de navigateur enti\u00e8rement fonctionnelle et navigable, et non dans un \u00ab cadre \u00bb du site web li\u00e9 ; et (iv) l&#8217;apparence, la position et les autres aspects du lien ne donnent pas l&#8217;apparence fausse qu&#8217;une entit\u00e9 ou ses activit\u00e9s ou produits sont associ\u00e9s \u00e0 ou parrain\u00e9s par Usitech 2000 Inc.<\/p><p><strong>Exclusion des garanties implicites<\/strong><\/p><p>Bien qu&#8217;Usitech 2000 Inc. ait pris soin de garantir l&#8217;exactitude des informations sur le Site et sa disponibilit\u00e9 continue, Usitech 2000 Inc. n&#8217;assume aucune responsabilit\u00e9 \u00e0 cet \u00e9gard.<\/p><p>LES DOCUMENTS PEUVENT CONTENIR DES INEXACTITUDES ET DES ERREURS TYPOGRAPHIQUES. Usitech 2000 Inc. NE GARANTIT PAS L&#8217;EXACTITUDE OU L&#8217;EXHAUSTIVIT\u00c9 DES DOCUMENTS OU LA FIABILIT\u00c9 DES CONSEILS, OPINIONS, D\u00c9CLARATIONS OU AUTRES INFORMATIONS AFFICH\u00c9ES OU DISTRIBU\u00c9ES PAR LE SITE. VOUS RECONNAISSEZ QUE TOUTE CONFIANCE DANS DE TELS AVIS, OPINIONS, D\u00c9CLARATIONS, NOTES DE SERVICE OU INFORMATIONS SERA \u00c0 VOS PROPRES RISQUES. TOUT LE CONTENU EST FOURNI \u00ab TEL QUEL \u00bb ET \u00ab TEL QUE DISPONIBLE \u00bb. Usitech 2000 Inc. EXCLUT EXPRESS\u00c9MENT TOUTE GARANTIE, QU&#8217;ELLE SOIT EXPRESSE OU IMPLICITE, Y COMPRIS, MAIS SANS S&#8217;Y LIMITER, LES GARANTIES DE QUALIT\u00c9 MARCHANDE, D&#8217;ADAPTATION \u00c0 UN USAGE PARTICULIER, DE NON-CONTREFA\u00c7ON OU D&#8217;UTILISATION DE CE SITE OU DE SON CONTENU. Usitech 2000 Inc. NE GARANTIT PAS ET NE FAIT AUCUNE REPR\u00c9SENTATION CONCERNANT LA S\u00c9CURIT\u00c9 DE CE SITE WEB. VOUS RECONNAISSEZ QUE TOUTE INFORMATION ENVOY\u00c9E PEUT \u00caTRE INTERCEPT\u00c9E. Usitech 2000 Inc. NE GARANTIT PAS QUE LE SITE WEB OU LES SERVEURS RENDANT CE SITE ACCESSIBLE OU LES COMMUNICATIONS \u00c9LECTRONIQUES ENVOY\u00c9ES PAR Usitech 2000 Inc. SONT EXEMPT DE VIRUS OU D&#8217;AUTRES \u00c9L\u00c9MENTS NUISIBLES. TOUTES CES GARANTIES, REPR\u00c9SENTATIONS ET CONDITIONS SONT EXCLUES DANS LA MESURE PERMISE PAR LA LOI. CETTE EXCLUSION DE GARANTIES IMPLICITES S&#8217;APPLIQUE \u00c9GALEMENT \u00c0 TOUT SITE WEB DE TIERS.<\/p><p>Les informations publi\u00e9es sur le site web peuvent contenir des r\u00e9f\u00e9rences ou des liens vers des produits, services, etc. d&#8217;Usitech 2000 Inc. qui ne sont pas annonc\u00e9s ou offerts dans votre pays. L&#8217;exactitude de ces informations ne peut \u00eatre garantie, d&#8217;autant plus que ces informations peuvent \u00eatre modifi\u00e9es, et que les exigences sp\u00e9cifiques ou la disponibilit\u00e9, ainsi que ces r\u00e9f\u00e9rences, ne signifient pas qu&#8217;Usitech 2000 Inc. a l&#8217;intention de lancer de tels produits, services, etc. dans votre pays. Veuillez contacter votre revendeur local pour tous les d\u00e9tails concernant les produits, services, etc., qui peuvent vous \u00eatre offerts et que vous pouvez commander. Usitech 2000 Inc. se r\u00e9serve le droit, \u00e0 sa seule discr\u00e9tion, de modifier, ajouter ou supprimer tout produit, service, etc. \u00e0 tout moment et sans pr\u00e9avis.<\/p><p><strong>Limitation de responsabilit\u00e9<\/strong><\/p><p>EN AUCUN CAS Usitech 2000 Inc. NE SERA RESPONSABLE DES DOMMAGES DIRECTS, INDIRECTS, CONS\u00c9CUTIFS, PUNITIFS, SP\u00c9CIAUX OU INCIDENTS (Y COMPRIS, SANS LIMITATION, LES DOMMAGES CAUS\u00c9S PAR LA PERTE DE B\u00c9N\u00c9FICES, LES CONTRATS, LES RECETTES, LES DONN\u00c9ES OU LES INFORMATIONS, OU L&#8217;INTERRUPTION D&#8217;ACTIVIT\u00c9) D\u00c9COULANT DE L&#8217;UTILISATION DE CE SITE OU DU CONTENU OU DE L&#8217;INCAPACIT\u00c9 D&#8217;UTILISER CE SITE OU SON CONTENU, OU EN RELATION AVEC CES TERMES, M\u00caME SI Usitech 2000 Inc. A \u00c9T\u00c9 AVIS\u00c9 DE LA POSSIBILIT\u00c9 DE TELS DOMMAGES. EN PLUS DES CONDITIONS \u00c9NONC\u00c9ES ICI, Usitech 2000 Inc. NE SERA EN AUCUN CAS RESPONSABLE DE TOUTE ERREUR, INEXACTITUDE, OMISSION OU AUTRE D\u00c9FAUT, OU DE TOUTE INFORMATION INEXACTE OU D\u00c9SU\u00c8TE CONTENUE SUR CE SITE. CETTE LIMITATION DE RESPONSABILIT\u00c9 S&#8217;APPLIQUE \u00c9GALEMENT \u00c0 TOUT SITE WEB DE TIERS.<\/p><p><strong>D\u00e9claration de comp\u00e9tence<\/strong><\/p><p>Ce Site est contr\u00f4l\u00e9, exploit\u00e9 et administr\u00e9 par Usitech 2000 Inc. depuis ses bureaux situ\u00e9s au Canada (si\u00e8ge social : 1239 Route B\u00e9gin, St-Anselme, Qu\u00e9bec, Canada). Usitech 2000 Inc. ne garantit pas la disponibilit\u00e9 et l&#8217;ad\u00e9quation des mat\u00e9riaux sur ce Site pour les emplacements hors du Canada. L&#8217;acc\u00e8s au Site \u00e0 partir de territoires o\u00f9 le contenu du Site est ill\u00e9gal est interdit. Si vous acc\u00e9dez \u00e0 ce Site depuis un lieu situ\u00e9 en dehors du Canada, vous \u00eates responsable de vous conformer \u00e0 toutes les lois locales. Ces termes sont r\u00e9gis par les lois de la province ou de l&#8217;\u00c9tat du Qu\u00e9bec ou du Canada qui s&#8217;y appliquent. De plus, toute action l\u00e9gale contre Usitech 2000 Inc. doit \u00eatre port\u00e9e devant le district judiciaire dans lequel se trouve la ville de St-Anselme.<\/p>\t\t\t\t\t\t\t\t<\/div>\n\t\t\t\t<\/div>\n\t\t\t\t\t<\/div>\n\t\t\t\t<\/div>\n\t\t\t\t<\/div>\n\t\t","protected":false},"excerpt":{"rendered":"<p>Conditions d&#8217;utilisation G\u00e9n\u00e9rales Ce site web et ses sous-sites (ci-apr\u00e8s d\u00e9sign\u00e9s comme le \u00ab Site \u00bb) sont publi\u00e9s et maintenus par Usitech 2000 Inc. Votre utilisation du Site est soumise \u00e0 un accord juridiquement contraignant entre vous et Usitech 2000 Inc. (\u00ab l&#8217;Accord \u00bb). En utilisant le Site, vous reconnaissez avoir lu, compris et accept\u00e9 [&hellip;]<\/p>\n","protected":false},"author":2,"featured_media":0,"parent":0,"menu_order":0,"comment_status":"closed","ping_status":"closed","template":"","meta":{"footnotes":""},"class_list":["post-1957","page","type-page","status-publish","hentry"],"_links":{"self":[{"href":"https:\/\/usitech2000.com\/fr\/wp-json\/wp\/v2\/pages\/1957","targetHints":{"allow":["GET"]}}],"collection":[{"href":"https:\/\/usitech2000.com\/fr\/wp-json\/wp\/v2\/pages"}],"about":[{"href":"https:\/\/usitech2000.com\/fr\/wp-json\/wp\/v2\/types\/page"}],"author":[{"embeddable":true,"href":"https:\/\/usitech2000.com\/fr\/wp-json\/wp\/v2\/users\/2"}],"replies":[{"embeddable":true,"href":"https:\/\/usitech2000.com\/fr\/wp-json\/wp\/v2\/comments?post=1957"}],"version-history":[{"count":0,"href":"https:\/\/usitech2000.com\/fr\/wp-json\/wp\/v2\/pages\/1957\/revisions"}],"wp:attachment":[{"href":"https:\/\/usitech2000.com\/fr\/wp-json\/wp\/v2\/media?parent=1957"}],"curies":[{"name":"wp","href":"https:\/\/api.w.org\/{rel}","templated":true}]}}