{"id":1963,"date":"2024-07-22T07:28:59","date_gmt":"2024-07-22T12:28:59","guid":{"rendered":"https:\/\/usitech2000.com\/?page_id=1963"},"modified":"2026-02-02T16:17:38","modified_gmt":"2026-02-02T21:17:38","slug":"politique-de-confidentialite","status":"publish","type":"page","link":"https:\/\/usitech2000.com\/fr\/politique-de-confidentialite\/","title":{"rendered":"Politique de confidentialit\u00e9"},"content":{"rendered":"\t\t<div data-elementor-type=\"wp-page\" data-elementor-id=\"1963\" class=\"elementor elementor-1963\" data-elementor-post-type=\"page\">\n\t\t\t\t<div class=\"elementor-element elementor-element-bf0e9ee e-flex e-con-boxed e-con e-parent\" data-id=\"bf0e9ee\" data-element_type=\"container\" data-e-type=\"container\">\n\t\t\t\t\t<div class=\"e-con-inner\">\n\t\t\t\t<div class=\"elementor-element elementor-element-799c3d8 elementor-widget elementor-widget-spacer\" data-id=\"799c3d8\" data-element_type=\"widget\" data-e-type=\"widget\" data-widget_type=\"spacer.default\">\n\t\t\t\t<div class=\"elementor-widget-container\">\n\t\t\t\t\t\t\t<div class=\"elementor-spacer\">\n\t\t\t<div class=\"elementor-spacer-inner\"><\/div>\n\t\t<\/div>\n\t\t\t\t\t\t<\/div>\n\t\t\t\t<\/div>\n\t\t\t\t<div class=\"elementor-element elementor-element-33d19d0 elementor-widget elementor-widget-heading\" data-id=\"33d19d0\" data-element_type=\"widget\" data-e-type=\"widget\" data-widget_type=\"heading.default\">\n\t\t\t\t<div class=\"elementor-widget-container\">\n\t\t\t\t\t<h2 class=\"elementor-heading-title elementor-size-default\">Politique de confidentialit\u00e9<\/h2>\t\t\t\t<\/div>\n\t\t\t\t<\/div>\n\t\t\t\t\t<\/div>\n\t\t\t\t<\/div>\n\t\t<div class=\"elementor-element elementor-element-ae75945 e-flex e-con-boxed e-con e-parent\" data-id=\"ae75945\" data-element_type=\"container\" data-e-type=\"container\">\n\t\t\t\t\t<div class=\"e-con-inner\">\n\t\t\t\t<div class=\"elementor-element elementor-element-89a4cc6 elementor-widget elementor-widget-spacer\" data-id=\"89a4cc6\" data-element_type=\"widget\" data-e-type=\"widget\" data-widget_type=\"spacer.default\">\n\t\t\t\t<div class=\"elementor-widget-container\">\n\t\t\t\t\t\t\t<div class=\"elementor-spacer\">\n\t\t\t<div class=\"elementor-spacer-inner\"><\/div>\n\t\t<\/div>\n\t\t\t\t\t\t<\/div>\n\t\t\t\t<\/div>\n\t\t\t\t<div class=\"elementor-element elementor-element-4724fcf elementor-widget elementor-widget-text-editor\" data-id=\"4724fcf\" data-element_type=\"widget\" data-e-type=\"widget\" data-widget_type=\"text-editor.default\">\n\t\t\t\t<div class=\"elementor-widget-container\">\n\t\t\t\t\t\t\t\t\t<p>Usitech 2000 inc.,\u00a0<a target=\"_new\" rel=\"noreferrer\">www.usitech2000.com<\/a>, appr\u00e9cie votre int\u00e9r\u00eat pour la soci\u00e9t\u00e9, ses services et ses produits. Nous vous encourageons vivement \u00e0 lire attentivement cette politique de confidentialit\u00e9 avant d&#8217;utiliser ce site Web et tous les sous-sites, applications ou produits et services que nous offrons (collectivement le \u00abSite\u00bb).<\/p><p>Cette politique de confidentialit\u00e9 pr\u00e9cise quel type d&#8217;informations Usitech 2000 inc., ou des tiers agissant pour le compte de Usitech 2000 inc., recueille sur ce Site et quelles mesures sont prises pour prot\u00e9ger vos informations personnelles. Si vous n&#8217;acceptez pas la politique de confidentialit\u00e9, vous ne pouvez pas utiliser le Site. Cette politique de confidentialit\u00e9 peut \u00eatre modifi\u00e9e de temps \u00e0 autre, alors veuillez v\u00e9rifier r\u00e9guli\u00e8rement.<\/p><p>Cette politique de confidentialit\u00e9 d\u00e9crit les types d&#8217;informations que nous pouvons recueillir aupr\u00e8s de vous ou que vous pouvez fournir lorsque vous visitez notre site Web, y compris les informations personnelles (telles que d\u00e9finies ci-dessous) et la divulgation de ces informations.<\/p><p>Usitech 2000 inc., exploite le site\u00a0<a target=\"_new\" rel=\"noreferrer\">www.usitech2000.com<\/a>\u00a0pour fournir des services, y compris un catalogue et un portefeuille de produits, des services dans les outils de finition du b\u00e9ton.<\/p><p>Usitech 2000 inc., s&#8217;engage \u00e0 prot\u00e9ger la vie priv\u00e9e des utilisateurs et \u00e0 traiter les probl\u00e8mes potentiels de confidentialit\u00e9. Les informations suivantes ont \u00e9t\u00e9 publi\u00e9es pour vous aider, le consommateur, \u00e0 comprendre les informations priv\u00e9es que nous recueillons et comment vos informations sont utilis\u00e9es.<\/p><p><strong>Types d&#8217;informations priv\u00e9es collect\u00e9es<\/strong><\/p><p>Pour mieux r\u00e9pondre \u00e0 vos besoins, nous collectons les types d&#8217;informations suivants lorsque vous visitez <a target=\"_new\" rel=\"noreferrer\">www.usitech2000.com<\/a>.<\/p><p><strong>Informations personnelles<\/strong><\/p><p>Nous recueillons les informations personnelles suivantes aupr\u00e8s de nos utilisateurs :<\/p><p>D\u00e9tails personnels : pr\u00e9nom(s). Informations d\u00e9mographiques : sexe ; date de naissance \/ \u00e2ge. Coordonn\u00e9es : titre du poste, nom de l&#8217;entreprise, adresse de correspondance ; adresse de livraison ; num\u00e9ro de t\u00e9l\u00e9phone ; adresse e-mail ; d\u00e9tails de l&#8217;application de messagerie ; d\u00e9tails de messagerie en ligne ; et d\u00e9tails des m\u00e9dias sociaux. D\u00e9tails de l&#8217;employeur : lorsque vous postulez pour un emploi ou que vous interagissez avec nous en tant qu&#8217;employ\u00e9 ou employ\u00e9 d&#8217;un tiers, le nom, l&#8217;adresse, le num\u00e9ro de t\u00e9l\u00e9phone et l&#8217;adresse e-mail de votre employeur, dans la mesure o\u00f9 cela est pertinent. Donn\u00e9es relatives \u00e0 nos sites Web : type d&#8217;appareil ; syst\u00e8me d&#8217;exploitation ; type de navigateur ; param\u00e8tres du navigateur ; adresse IP ; param\u00e8tres de langue ; dates et heures de connexion \u00e0 un site Web ; dates et heures de connexion \u00e0 notre site Web ; donn\u00e9es de localisation, et autres informations techniques de communication (dont certaines peuvent constituer des informations personnelles) ; nom d&#8217;utilisateur ; mot de passe ; d\u00e9tails de connexion s\u00e9curis\u00e9e ; donn\u00e9es d&#8217;utilisation ; informations statistiques agr\u00e9g\u00e9es. Opinions et avis : tous les avis que vous choisissez de nous envoyer, ou de publier publiquement \u00e0 notre sujet sur les plateformes de m\u00e9dias sociaux. Contenu et donn\u00e9es publicitaires : enregistrements de vos interactions avec notre publicit\u00e9 en ligne et notre contenu, enregistrements de la publicit\u00e9 et du contenu affich\u00e9s sur les pages ou \u00e9crans d&#8217;application qui vous sont pr\u00e9sent\u00e9s, et toute interaction que vous avez pu avoir avec ce contenu ou cette publicit\u00e9 (par exemple, survol de la souris, clics de souris, tout formulaire que vous remplissez en tout ou en partie) et toutes les interactions tactiles. Vous pouvez toujours choisir de fournir moins d&#8217;informations. Cependant, l&#8217;omission de certaines de ces informations personnelles peut limiter votre capacit\u00e9 \u00e0 acc\u00e9der \u00e0 tous les avantages de notre site Web et de nos services. Par exemple, nous ne pourrons pas traiter les transactions sans informations de paiement et adresse de facturation, ou exp\u00e9dier des marchandises sans votre nom et adresse postale.<\/p><p><strong>Informations collect\u00e9es automatiquement<\/strong><\/p><p>Nous collectons automatiquement des donn\u00e9es sur la mani\u00e8re dont nos utilisateurs visitent\u00a0<a target=\"_new\" rel=\"noreferrer\">www.usitech2000.com<\/a>, telles que votre adresse IP, votre localisation, votre navigateur, la langue du navigateur, le syst\u00e8me d&#8217;exploitation, les identifiants de p\u00e9riph\u00e9rique, vos donn\u00e9es de g\u00e9olocalisation pr\u00e9cises et les cookies.<\/p><p>Pendant que vous naviguez et interagissez avec notre site, nous pouvons utiliser des technologies de collecte automatique de donn\u00e9es pour recueillir certaines informations sur votre \u00e9quipement, vos actions de navigation et vos mod\u00e8les, notamment :<\/p><p>D\u00e9tails de vos visites sur notre site (comme les produits consult\u00e9s ou achet\u00e9s, les codes promotionnels ou les informations), y compris les donn\u00e9es de trafic, les donn\u00e9es de g\u00e9olocalisation et autres donn\u00e9es de communication et les ressources auxquelles vous acc\u00e9dez et que vous utilisez sur le site, par exemple, les fonctions de recherche ou le service client. Informations sur votre ordinateur et votre connexion internet, y compris votre adresse IP, votre syst\u00e8me d&#8217;exploitation et le type de navigateur. Les informations que nous collectons automatiquement sont des donn\u00e9es statistiques mais peuvent inclure des informations personnelles ou nous pouvons les conserver ou les associer \u00e0 des informations personnelles que nous recueillons d&#8217;autres mani\u00e8res. Cela nous aide \u00e0 am\u00e9liorer notre site et \u00e0 fournir un service meilleur et plus personnalis\u00e9.<\/p><p>Les technologies que nous utilisons pour cette collecte automatique de donn\u00e9es peuvent inclure :<\/p><p>Notre site Web utilise actuellement des cookies pour am\u00e9liorer sa fonctionnalit\u00e9. Vous pouvez d\u00e9sactiver les cookies dans votre navigateur Web, mais cela peut limiter votre capacit\u00e9 \u00e0 acc\u00e9der \u00e0\u00a0<a target=\"_new\" rel=\"noreferrer\">www.usitech2000.com<\/a>.<\/p><p><strong>Informations sur les m\u00e9dias sociaux<\/strong><\/p><p>Si vous avez li\u00e9 votre compte Usitech 2000 inc., \u00e0 un compte de m\u00e9dias sociaux, nous recueillons \u00e9galement des informations que les r\u00e9seaux sociaux nous fournissent. Selon le r\u00e9seau social, cela peut inclure votre nom d&#8217;utilisateur, votre nom, votre adresse e-mail, votre liste d&#8217;amis, et plus encore. De plus, nous recueillons des donn\u00e9es d\u00e9mographiques lorsque les utilisateurs interagissent avec les comptes de m\u00e9dias sociaux de Usitech 2000 inc.<\/p><p><strong>Politique de collecte d&#8217;informations personnelles sensibles<\/strong><\/p><p>Usitech 2000 inc., ne recueille aucune de vos informations personnelles sensibles, telles que votre num\u00e9ro de s\u00e9curit\u00e9 sociale, num\u00e9ro de permis de conduire, race, origine ethnique, religion, informations sur la sant\u00e9, affiliations politiques ou autres.<\/p><p>Nous n&#8217;utilisons vos informations personnelles que pour vous aider \u00e0 utiliser tout ce que Usitech 2000 inc., a \u00e0 offrir. Cela comprend :<\/p><p>Les informations que vous fournissez en remplissant des formulaires sur notre site Web. Cela inclut les informations fournies au moment de l&#8217;achat, de l&#8217;enregistrement du produit, de la cr\u00e9ation de compte, de l&#8217;abonnement aux notifications par e-mail, des newsletters, de la publication d&#8217;avis sur les produits ou de la demande de service client. Vos r\u00e9ponses aux enqu\u00eates que nous pourrions vous demander de compl\u00e9ter \u00e0 des fins de recherche. Communication de nos ventes et promotions. Vos r\u00e9ponses aux concours, cadeaux et comp\u00e9titions, y compris les photos et autres images. Vous contacter concernant les mises \u00e0 jour de nos politiques d&#8217;entreprise. Rendre tous les services de Usitech 2000 inc., disponibles pour vous de mani\u00e8re pratique. Fournir des publicit\u00e9s pertinentes lorsque vous visitez\u00a0<a target=\"_new\" rel=\"noreferrer\">www.usitech2000.com<\/a>. \u00c9valuer les analyses pour voir comment nos clients interagissent avec\u00a0<a target=\"_new\" rel=\"noreferrer\">www.usitech2000.com<\/a>.<\/p><p><strong>Dur\u00e9e de conservation des informations personnelles<\/strong><\/p><p>Nous pouvons conserver vos informations personnelles pendant une p\u00e9riode prolong\u00e9e, en fonction de la mani\u00e8re dont nous devons utiliser les informations. Par exemple, nous conserverons votre adresse e-mail et votre nom en fichier. De plus, nous pouvons avoir besoin de conserver vos informations de facturation pour une p\u00e9riode prolong\u00e9e afin de maintenir nos enregistrements internes de transactions.<\/p><p><strong>Personnes avec qui les informations sont partag\u00e9es<\/strong><\/p><p>Nous pouvons partager vos informations avec des tiers, mais uniquement avec les affili\u00e9s que Usitech 2000 inc., a pleinement v\u00e9rifi\u00e9s et avec lesquels il a cr\u00e9\u00e9 un partenariat.<\/p><p>La seule raison pour laquelle nous partagerons jamais vos informations avec des affili\u00e9s est aux fins suivantes :<\/p><p>Traitement des transactions. Ex\u00e9cution et livraison des commandes. Mesure des performances marketing et publicitaire. Fourniture d&#8217;un excellent service client. \u00c9mission de communications par e-mail et par SMS.<\/p><p><strong>S\u00e9curit\u00e9 des informations<\/strong><\/p><p>Nous faisons de notre mieux pour garder vos informations priv\u00e9es s\u00e9curis\u00e9es. La plupart de vos informations personnelles sont crypt\u00e9es et donc prot\u00e9g\u00e9es contre l&#8217;acc\u00e8s par des utilisateurs ext\u00e9rieurs.<br \/>Vos donn\u00e9es sont conserv\u00e9es de mani\u00e8re s\u00e9curis\u00e9e sur nos serveurs (ou ceux de nos fournisseurs) situ\u00e9s au Canada.<\/p><p>Cependant, des fuites de donn\u00e9es et des attaques malveillantes se produisent. Veuillez comprendre que bien que nous fassions de notre mieux pour prot\u00e9ger vos donn\u00e9es, la fourniture de vos informations personnelles est \u00e0 vos risques et p\u00e9rils.<\/p><p><strong>Possibilit\u00e9 de refuser de fournir des informations personnelles<\/strong><\/p><p>Vous avez le droit d&#8217;acc\u00e9der \u00e0 vos renseignements personnels et de demander leur rectification s&#8217;ils sont inexacts.<br \/>Vous pouvez bien s\u00fbr refuser de nous divulguer vos informations personnelles. Cependant, l&#8217;omission de nous fournir des informations pertinentes peut limiter votre capacit\u00e9 \u00e0 b\u00e9n\u00e9ficier pleinement de Usitech 2000 inc., et de toutes ses offres. N&#8217;oubliez pas que nous ne demandons que des informations personnelles qui peuvent nous aider \u00e0 fournir pleinement nos services \u00e0 nos clients.<br \/><br \/><b>Responsable de la protection des renseignements personnels<\/b> <br \/><br \/>Pour toute question au sujet du traitement ou de la mise \u00e0 jour de vos renseignements personnels, ou pour nous faire part de toute pr\u00e9occupation \u00e0 cet \u00e9gard, veuillez communiquer avec nous par le biais de l&#8217;adresse courriel suivante\u00a0: <a href=\"mailto:lguillemette@plate2000.com\">lguillemette@plate2000.com<\/a> \u00a0ou par t\u00e9l\u00e9phone au 418-885-0085 extension\u00a0: 136. <i>Le responsable de la protection des renseignements personnels prendra contact avec vous dans les trente (30) jours suivant la r\u00e9ception de votre courriel.<\/i><\/p><p><strong>Questions suppl\u00e9mentaires<\/strong><\/p><p>Si vous avez des questions concernant cette politique de confidentialit\u00e9, n&#8217;h\u00e9sitez pas \u00e0 nous contacter \u00e0 l&#8217;adresse\u00a0<a href=\"mailto:privacy@usitech2000.com\" rel=\"noreferrer\">privacy@usitech2000.com<\/a>. Un repr\u00e9sentant de Usitech 2000 inc., r\u00e9pondra \u00e0 vos questions sur la politique de confidentialit\u00e9 d\u00e8s que possible.<\/p><p><strong>Mise \u00e0 jour de la politique<\/strong><\/p><p>Cette politique de confidentialit\u00e9 a \u00e9t\u00e9 mise \u00e0 jour pour la derni\u00e8re fois le 1er septembre 2023. Si nous ajustons la politique de confidentialit\u00e9, nous enverrons un e-mail \u00e0 tous les titulaires de compte de ce changement et nous afficherons la date de mise \u00e0 jour la plus r\u00e9cente ici. Une fois affich\u00e9e, la nouvelle politique de confidentialit\u00e9 sera effective imm\u00e9diatement.<\/p>\t\t\t\t\t\t\t\t<\/div>\n\t\t\t\t<\/div>\n\t\t\t\t\t<\/div>\n\t\t\t\t<\/div>\n\t\t\t\t<\/div>\n\t\t","protected":false},"excerpt":{"rendered":"<p>Politique de confidentialit\u00e9 Usitech 2000 inc.,\u00a0www.usitech2000.com, appr\u00e9cie votre int\u00e9r\u00eat pour la soci\u00e9t\u00e9, ses services et ses produits. Nous vous encourageons vivement \u00e0 lire attentivement cette politique de confidentialit\u00e9 avant d&#8217;utiliser ce site Web et tous les sous-sites, applications ou produits et services que nous offrons (collectivement le \u00abSite\u00bb). Cette politique de confidentialit\u00e9 pr\u00e9cise quel type [&hellip;]<\/p>\n","protected":false},"author":2,"featured_media":0,"parent":0,"menu_order":0,"comment_status":"closed","ping_status":"closed","template":"","meta":{"footnotes":""},"class_list":["post-1963","page","type-page","status-publish","hentry"],"_links":{"self":[{"href":"https:\/\/usitech2000.com\/fr\/wp-json\/wp\/v2\/pages\/1963","targetHints":{"allow":["GET"]}}],"collection":[{"href":"https:\/\/usitech2000.com\/fr\/wp-json\/wp\/v2\/pages"}],"about":[{"href":"https:\/\/usitech2000.com\/fr\/wp-json\/wp\/v2\/types\/page"}],"author":[{"embeddable":true,"href":"https:\/\/usitech2000.com\/fr\/wp-json\/wp\/v2\/users\/2"}],"replies":[{"embeddable":true,"href":"https:\/\/usitech2000.com\/fr\/wp-json\/wp\/v2\/comments?post=1963"}],"version-history":[{"count":3,"href":"https:\/\/usitech2000.com\/fr\/wp-json\/wp\/v2\/pages\/1963\/revisions"}],"predecessor-version":[{"id":2094,"href":"https:\/\/usitech2000.com\/fr\/wp-json\/wp\/v2\/pages\/1963\/revisions\/2094"}],"wp:attachment":[{"href":"https:\/\/usitech2000.com\/fr\/wp-json\/wp\/v2\/media?parent=1963"}],"curies":[{"name":"wp","href":"https:\/\/api.w.org\/{rel}","templated":true}]}}