{"id":491,"date":"2024-02-25T00:46:58","date_gmt":"2024-02-25T05:46:58","guid":{"rendered":"https:\/\/usitech2000.com\/homepage\/"},"modified":"2024-04-16T14:01:09","modified_gmt":"2024-04-16T19:01:09","slug":"accueil","status":"publish","type":"page","link":"https:\/\/usitech2000.com\/fr\/","title":{"rendered":"Accueil"},"content":{"rendered":"\t\t<div data-elementor-type=\"wp-page\" data-elementor-id=\"491\" class=\"elementor elementor-491 elementor-17\" data-elementor-post-type=\"page\">\n\t\t\t\t<div class=\"elementor-element elementor-element-de048be e-flex e-con-boxed e-con e-parent\" data-id=\"de048be\" data-element_type=\"container\" data-e-type=\"container\" data-settings=\"{&quot;background_background&quot;:&quot;slideshow&quot;,&quot;background_slideshow_gallery&quot;:[{&quot;id&quot;:1767,&quot;url&quot;:&quot;http:\\\/\\\/usitech2000.com\\\/wp-content\\\/uploads\\\/2024\\\/04\\\/03.jpg&quot;},{&quot;id&quot;:1769,&quot;url&quot;:&quot;http:\\\/\\\/usitech2000.com\\\/wp-content\\\/uploads\\\/2024\\\/04\\\/02.jpg&quot;},{&quot;id&quot;:1771,&quot;url&quot;:&quot;http:\\\/\\\/usitech2000.com\\\/wp-content\\\/uploads\\\/2024\\\/04\\\/01.jpg&quot;}],&quot;background_slideshow_ken_burns&quot;:&quot;yes&quot;,&quot;background_slideshow_slide_duration&quot;:2500,&quot;background_slideshow_loop&quot;:&quot;yes&quot;,&quot;background_slideshow_slide_transition&quot;:&quot;fade&quot;,&quot;background_slideshow_transition_duration&quot;:500,&quot;background_slideshow_ken_burns_zoom_direction&quot;:&quot;in&quot;}\">\n\t\t\t\t\t<div class=\"e-con-inner\">\n\t\t<div class=\"elementor-element elementor-element-1de0103 e-flex e-con-boxed e-con e-child\" data-id=\"1de0103\" data-element_type=\"container\" data-e-type=\"container\">\n\t\t\t\t\t<div class=\"e-con-inner\">\n\t\t\t\t<div class=\"elementor-element elementor-element-99a476b elementor-invisible elementor-widget elementor-widget-heading\" data-id=\"99a476b\" data-element_type=\"widget\" data-e-type=\"widget\" data-settings=\"{&quot;_animation&quot;:&quot;fadeIn&quot;}\" data-widget_type=\"heading.default\">\n\t\t\t\t<div class=\"elementor-widget-container\">\n\t\t\t\t\t<h1 class=\"elementor-heading-title elementor-size-default\">Le partenaire de vos <span>projets d\u2019usinage<\/span> \u00e0 la pointe de la technologie.<\/h1>\t\t\t\t<\/div>\n\t\t\t\t<\/div>\n\t\t\t\t<div class=\"elementor-element elementor-element-b733f14 elementor-mobile-align-center elementor-invisible elementor-widget elementor-widget-button\" data-id=\"b733f14\" data-element_type=\"widget\" data-e-type=\"widget\" data-settings=\"{&quot;_animation&quot;:&quot;fadeIn&quot;}\" data-widget_type=\"button.default\">\n\t\t\t\t<div class=\"elementor-widget-container\">\n\t\t\t\t\t\t\t\t\t<div class=\"elementor-button-wrapper\">\n\t\t\t\t\t<a class=\"elementor-button elementor-button-link elementor-size-lg\" href=\"https:\/\/usitech2000.com\/fr\/nous-joindre\/\">\n\t\t\t\t\t\t<span class=\"elementor-button-content-wrapper\">\n\t\t\t\t\t\t<span class=\"elementor-button-icon\">\n\t\t\t\t<i aria-hidden=\"true\" class=\"lqd-icn-ess icon-md-arrow-forward\"><\/i>\t\t\t<\/span>\n\t\t\t\t\t\t\t\t\t<span class=\"elementor-button-text\">Nous joindre<\/span>\n\t\t\t\t\t<\/span>\n\t\t\t\t\t<\/a>\n\t\t\t\t<\/div>\n\t\t\t\t\t\t\t\t<\/div>\n\t\t\t\t<\/div>\n\t\t\t\t\t<\/div>\n\t\t\t\t<\/div>\n\t\t\t\t\t<\/div>\n\t\t\t\t<\/div>\n\t\t<div class=\"elementor-element elementor-element-cb18917 e-flex e-con-boxed e-con e-parent\" data-id=\"cb18917\" data-element_type=\"container\" data-e-type=\"container\">\n\t\t\t\t\t<div class=\"e-con-inner\">\n\t\t\t\t<div class=\"elementor-element elementor-element-13bd1c4 elementor-widget elementor-widget-heading\" data-id=\"13bd1c4\" data-element_type=\"widget\" data-e-type=\"widget\" data-widget_type=\"heading.default\">\n\t\t\t\t<div class=\"elementor-widget-container\">\n\t\t\t\t\t<h2 class=\"elementor-heading-title elementor-size-default\">Nos services<\/h2>\t\t\t\t<\/div>\n\t\t\t\t<\/div>\n\t\t\t\t<div class=\"elementor-element elementor-element-f886052 elementor-widget elementor-widget-heading\" data-id=\"f886052\" data-element_type=\"widget\" data-e-type=\"widget\" data-widget_type=\"heading.default\">\n\t\t\t\t<div class=\"elementor-widget-container\">\n\t\t\t\t\t<h3 class=\"elementor-heading-title elementor-size-default\">Nos services d'usinage disponibles 24h\/24, 7j\/7<\/h3>\t\t\t\t<\/div>\n\t\t\t\t<\/div>\n\t\t\t\t<div class=\"elementor-element elementor-element-2840f74 elementor-widget elementor-widget-text-editor\" data-id=\"2840f74\" data-element_type=\"widget\" data-e-type=\"widget\" data-widget_type=\"text-editor.default\">\n\t\t\t\t<div class=\"elementor-widget-container\">\n\t\t\t\t\t\t\t\t\t<p><strong>Usitech 2000<\/strong> dispose de <strong>4 centres d&#8217;usinage cnc<\/strong> et de <strong>2 tours num\u00e9riques<\/strong>, permettant de fabriquer des pi\u00e8ces simples et complexes de <strong>haute qualit\u00e9<\/strong>.<\/p>\t\t\t\t\t\t\t\t<\/div>\n\t\t\t\t<\/div>\n\t\t\t\t<div class=\"elementor-element elementor-element-4a7bd8e elementor-mobile-align-center elementor-align-center elementor-invisible elementor-widget elementor-widget-button\" data-id=\"4a7bd8e\" data-element_type=\"widget\" data-e-type=\"widget\" data-settings=\"{&quot;_animation&quot;:&quot;fadeIn&quot;}\" data-widget_type=\"button.default\">\n\t\t\t\t<div class=\"elementor-widget-container\">\n\t\t\t\t\t\t\t\t\t<div class=\"elementor-button-wrapper\">\n\t\t\t\t\t<a class=\"elementor-button elementor-button-link elementor-size-lg\" href=\"https:\/\/usitech2000.com\/fr\/nous-joindre\/\">\n\t\t\t\t\t\t<span class=\"elementor-button-content-wrapper\">\n\t\t\t\t\t\t<span class=\"elementor-button-icon\">\n\t\t\t\t<i aria-hidden=\"true\" class=\"lqd-icn-ess icon-md-arrow-forward\"><\/i>\t\t\t<\/span>\n\t\t\t\t\t\t\t\t\t<span class=\"elementor-button-text\">Nous joindre<\/span>\n\t\t\t\t\t<\/span>\n\t\t\t\t\t<\/a>\n\t\t\t\t<\/div>\n\t\t\t\t\t\t\t\t<\/div>\n\t\t\t\t<\/div>\n\t\t\t\t\t<\/div>\n\t\t\t\t<\/div>\n\t\t<div class=\"elementor-element elementor-element-280e1d6 e-flex e-con-boxed e-con e-parent\" data-id=\"280e1d6\" data-element_type=\"container\" data-e-type=\"container\" data-settings=\"{&quot;background_background&quot;:&quot;classic&quot;}\">\n\t\t\t\t\t<div class=\"e-con-inner\">\n\t\t<div class=\"elementor-element elementor-element-1acb8b3 e-con-full e-flex e-con e-child\" data-id=\"1acb8b3\" data-element_type=\"container\" data-e-type=\"container\" data-settings=\"{&quot;motion_fx_motion_fx_scrolling&quot;:&quot;yes&quot;,&quot;motion_fx_translateY_effect&quot;:&quot;yes&quot;,&quot;motion_fx_translateY_speed&quot;:{&quot;unit&quot;:&quot;px&quot;,&quot;size&quot;:3,&quot;sizes&quot;:[]},&quot;motion_fx_translateY_affectedRange&quot;:{&quot;unit&quot;:&quot;%&quot;,&quot;size&quot;:&quot;&quot;,&quot;sizes&quot;:{&quot;start&quot;:0,&quot;end&quot;:100}},&quot;motion_fx_devices&quot;:[&quot;desktop&quot;,&quot;tablet&quot;,&quot;mobile&quot;]}\">\n\t\t\t\t<div class=\"elementor-element elementor-element-6364df7 elementor-widget elementor-widget-image\" data-id=\"6364df7\" data-element_type=\"widget\" data-e-type=\"widget\" data-widget_type=\"image.default\">\n\t\t\t\t<div class=\"elementor-widget-container\">\n\t\t\t\t\t\t\t\t\t\t\t\t\t\t\t<img fetchpriority=\"high\" decoding=\"async\" width=\"780\" height=\"520\" src=\"https:\/\/usitech2000.com\/wp-content\/uploads\/2024\/04\/20-1024x683.jpg\" class=\"attachment-large size-large wp-image-1780\" alt=\"\" srcset=\"https:\/\/usitech2000.com\/wp-content\/uploads\/2024\/04\/20-1024x683.jpg 1024w, https:\/\/usitech2000.com\/wp-content\/uploads\/2024\/04\/20-300x200.jpg 300w, https:\/\/usitech2000.com\/wp-content\/uploads\/2024\/04\/20-1536x1024.jpg 1536w, https:\/\/usitech2000.com\/wp-content\/uploads\/2024\/04\/20-720x480.jpg 720w, https:\/\/usitech2000.com\/wp-content\/uploads\/2024\/04\/20.jpg 1920w\" sizes=\"(max-width: 780px) 100vw, 780px\" \/>\t\t\t\t\t\t\t\t\t\t\t\t\t\t\t<\/div>\n\t\t\t\t<\/div>\n\t\t\t\t<\/div>\n\t\t<div class=\"elementor-element elementor-element-d05bed0 e-con-full e-flex e-con e-child\" data-id=\"d05bed0\" data-element_type=\"container\" data-e-type=\"container\">\n\t\t\t\t<div class=\"elementor-element elementor-element-b370e13 elementor-widget elementor-widget-heading\" data-id=\"b370e13\" data-element_type=\"widget\" data-e-type=\"widget\" data-widget_type=\"heading.default\">\n\t\t\t\t<div class=\"elementor-widget-container\">\n\t\t\t\t\t<h2 class=\"elementor-heading-title elementor-size-default\">Pourquoi Usitech 2000 ?<\/h2>\t\t\t\t<\/div>\n\t\t\t\t<\/div>\n\t\t\t\t<div class=\"elementor-element elementor-element-74edf12 elementor-widget elementor-widget-heading\" data-id=\"74edf12\" data-element_type=\"widget\" data-e-type=\"widget\" data-widget_type=\"heading.default\">\n\t\t\t\t<div class=\"elementor-widget-container\">\n\t\t\t\t\t<h3 class=\"elementor-heading-title elementor-size-default\">Expertise et fiabilit\u00e9 in\u00e9gal\u00e9es<\/h3>\t\t\t\t<\/div>\n\t\t\t\t<\/div>\n\t\t\t\t<div class=\"elementor-element elementor-element-1a77250 elementor-widget elementor-widget-text-editor\" data-id=\"1a77250\" data-element_type=\"widget\" data-e-type=\"widget\" data-widget_type=\"text-editor.default\">\n\t\t\t\t<div class=\"elementor-widget-container\">\n\t\t\t\t\t\t\t\t\t<p>Notre cr\u00e9ativit\u00e9 et notre expertise en mati\u00e8re d&#8217;usinage nous ont valu une excellente r\u00e9putation aupr\u00e8s de plusieurs clients internationaux. Nos 4 \u00e9quipes nous permettent de fournir un service rapide, efficace et sans souci 24 heures sur 24 et 7 jours sur 7.<\/p>\t\t\t\t\t\t\t\t<\/div>\n\t\t\t\t<\/div>\n\t\t\t\t<\/div>\n\t\t\t\t\t<\/div>\n\t\t\t\t<\/div>\n\t\t<div class=\"elementor-element elementor-element-7dfe9ea e-flex e-con-boxed elementor-invisible e-con e-parent\" data-id=\"7dfe9ea\" data-element_type=\"container\" data-e-type=\"container\" data-settings=\"{&quot;background_background&quot;:&quot;classic&quot;,&quot;animation&quot;:&quot;fadeIn&quot;}\">\n\t\t\t\t\t<div class=\"e-con-inner\">\n\t\t\t\t<div class=\"elementor-element elementor-element-4bd0283 elementor-widget elementor-widget-heading\" data-id=\"4bd0283\" data-element_type=\"widget\" data-e-type=\"widget\" data-widget_type=\"heading.default\">\n\t\t\t\t<div class=\"elementor-widget-container\">\n\t\t\t\t\t<h2 class=\"elementor-heading-title elementor-size-default\">Nos capacit\u00e9s<\/h2>\t\t\t\t<\/div>\n\t\t\t\t<\/div>\n\t\t\t\t<div class=\"elementor-element elementor-element-ee882da elementor-widget elementor-widget-heading\" data-id=\"ee882da\" data-element_type=\"widget\" data-e-type=\"widget\" data-widget_type=\"heading.default\">\n\t\t\t\t<div class=\"elementor-widget-container\">\n\t\t\t\t\t<h3 class=\"elementor-heading-title elementor-size-default\">Usinage de pr\u00e9cision pour tous les besoins\n<\/h3>\t\t\t\t<\/div>\n\t\t\t\t<\/div>\n\t\t\t\t<div class=\"elementor-element elementor-element-1dc81b7 elementor-widget elementor-widget-text-editor\" data-id=\"1dc81b7\" data-element_type=\"widget\" data-e-type=\"widget\" data-widget_type=\"text-editor.default\">\n\t\t\t\t<div class=\"elementor-widget-container\">\n\t\t\t\t\t\t\t\t\t<p>Usitech 2000 Inc. effectue tous les usinages CNC de pi\u00e8ces de pr\u00e9cision. De l\u2019estimation et de la programmation \u00e0 l\u2019usinage, \u00e0 la d\u00e9coupe de l\u2019aluminium et \u00e0 la sous-traitance, nous couvrons tous les aspects du processus de fabrication.<\/p>\t\t\t\t\t\t\t\t<\/div>\n\t\t\t\t<\/div>\n\t\t<div class=\"elementor-element elementor-element-f46116f e-con-full e-flex e-con e-child\" data-id=\"f46116f\" data-element_type=\"container\" data-e-type=\"container\">\n\t\t<div class=\"elementor-element elementor-element-614485b e-con-full e-flex e-con e-child\" data-id=\"614485b\" data-element_type=\"container\" data-e-type=\"container\">\n\t\t\t\t<div class=\"elementor-element elementor-element-8012902 elementor-widget elementor-widget-image\" data-id=\"8012902\" data-element_type=\"widget\" data-e-type=\"widget\" data-widget_type=\"image.default\">\n\t\t\t\t<div class=\"elementor-widget-container\">\n\t\t\t\t\t\t\t\t\t\t\t\t\t\t\t<img decoding=\"async\" width=\"347\" height=\"347\" src=\"data:image\/svg+xml;charset=utf-8,%3Csvg xmlns%3D&#039;http%3A%2F%2Fwww.w3.org%2F2000%2Fsvg&#039; viewBox%3D&#039;0 0 347 347&#039;%2F%3E\" class=\"elementor-animation-bob attachment-large size-large wp-image-594 ld-lazyload\" alt=\"\" data-src=\"https:\/\/usitech2000.com\/wp-content\/uploads\/2024\/03\/1.Estimation_Programmation-1.png\" data-srcset=\"https:\/\/usitech2000.com\/wp-content\/uploads\/2024\/03\/1.Estimation_Programmation-1.png 347w, https:\/\/usitech2000.com\/wp-content\/uploads\/2024\/03\/1.Estimation_Programmation-1-300x300.png 300w, https:\/\/usitech2000.com\/wp-content\/uploads\/2024\/03\/1.Estimation_Programmation-1-150x150.png 150w\" data-sizes=\"(max-width: 347px) 100vw, 347px\" data-aspect=\"1\" \/>\t\t\t\t\t\t\t\t\t\t\t\t\t\t\t<\/div>\n\t\t\t\t<\/div>\n\t\t\t\t<div class=\"elementor-element elementor-element-62edc90 elementor-widget elementor-widget-heading\" data-id=\"62edc90\" data-element_type=\"widget\" data-e-type=\"widget\" data-widget_type=\"heading.default\">\n\t\t\t\t<div class=\"elementor-widget-container\">\n\t\t\t\t\t<h3 class=\"elementor-heading-title elementor-size-default\">Estimation et programmation<\/h3>\t\t\t\t<\/div>\n\t\t\t\t<\/div>\n\t\t\t\t<\/div>\n\t\t<div class=\"elementor-element elementor-element-ebb4a61 e-con-full e-flex e-con e-child\" data-id=\"ebb4a61\" data-element_type=\"container\" data-e-type=\"container\">\n\t\t\t\t<div class=\"elementor-element elementor-element-7b2e7de elementor-widget elementor-widget-image\" data-id=\"7b2e7de\" data-element_type=\"widget\" data-e-type=\"widget\" data-widget_type=\"image.default\">\n\t\t\t\t<div class=\"elementor-widget-container\">\n\t\t\t\t\t\t\t\t\t\t\t\t\t\t\t<img decoding=\"async\" width=\"347\" height=\"347\" src=\"data:image\/svg+xml;charset=utf-8,%3Csvg xmlns%3D&#039;http%3A%2F%2Fwww.w3.org%2F2000%2Fsvg&#039; viewBox%3D&#039;0 0 347 347&#039;%2F%3E\" class=\"elementor-animation-bob attachment-large size-large wp-image-596 ld-lazyload\" alt=\"\" data-src=\"https:\/\/usitech2000.com\/wp-content\/uploads\/2024\/03\/2.Usinage-1.png\" data-srcset=\"https:\/\/usitech2000.com\/wp-content\/uploads\/2024\/03\/2.Usinage-1.png 347w, https:\/\/usitech2000.com\/wp-content\/uploads\/2024\/03\/2.Usinage-1-300x300.png 300w, https:\/\/usitech2000.com\/wp-content\/uploads\/2024\/03\/2.Usinage-1-150x150.png 150w\" data-sizes=\"(max-width: 347px) 100vw, 347px\" data-aspect=\"1\" \/>\t\t\t\t\t\t\t\t\t\t\t\t\t\t\t<\/div>\n\t\t\t\t<\/div>\n\t\t\t\t<div class=\"elementor-element elementor-element-3cbded5 elementor-widget elementor-widget-heading\" data-id=\"3cbded5\" data-element_type=\"widget\" data-e-type=\"widget\" data-widget_type=\"heading.default\">\n\t\t\t\t<div class=\"elementor-widget-container\">\n\t\t\t\t\t<h3 class=\"elementor-heading-title elementor-size-default\">Usinage<\/h3>\t\t\t\t<\/div>\n\t\t\t\t<\/div>\n\t\t\t\t<\/div>\n\t\t<div class=\"elementor-element elementor-element-288f78d e-con-full e-flex e-con e-child\" data-id=\"288f78d\" data-element_type=\"container\" data-e-type=\"container\">\n\t\t\t\t<div class=\"elementor-element elementor-element-5cde609 elementor-widget elementor-widget-image\" data-id=\"5cde609\" data-element_type=\"widget\" data-e-type=\"widget\" data-widget_type=\"image.default\">\n\t\t\t\t<div class=\"elementor-widget-container\">\n\t\t\t\t\t\t\t\t\t\t\t\t\t\t\t<img loading=\"lazy\" decoding=\"async\" width=\"347\" height=\"347\" src=\"data:image\/svg+xml;charset=utf-8,%3Csvg xmlns%3D&#039;http%3A%2F%2Fwww.w3.org%2F2000%2Fsvg&#039; viewBox%3D&#039;0 0 347 347&#039;%2F%3E\" class=\"elementor-animation-bob attachment-large size-large wp-image-598 ld-lazyload\" alt=\"\" data-src=\"https:\/\/usitech2000.com\/wp-content\/uploads\/2024\/03\/3.Coupe_Aluminium-1.png\" data-srcset=\"https:\/\/usitech2000.com\/wp-content\/uploads\/2024\/03\/3.Coupe_Aluminium-1.png 347w, https:\/\/usitech2000.com\/wp-content\/uploads\/2024\/03\/3.Coupe_Aluminium-1-300x300.png 300w, https:\/\/usitech2000.com\/wp-content\/uploads\/2024\/03\/3.Coupe_Aluminium-1-150x150.png 150w\" data-sizes=\"(max-width: 347px) 100vw, 347px\" data-aspect=\"1\" \/>\t\t\t\t\t\t\t\t\t\t\t\t\t\t\t<\/div>\n\t\t\t\t<\/div>\n\t\t\t\t<div class=\"elementor-element elementor-element-1de006d elementor-widget elementor-widget-heading\" data-id=\"1de006d\" data-element_type=\"widget\" data-e-type=\"widget\" data-widget_type=\"heading.default\">\n\t\t\t\t<div class=\"elementor-widget-container\">\n\t\t\t\t\t<h3 class=\"elementor-heading-title elementor-size-default\">Coupe aluminium<\/h3>\t\t\t\t<\/div>\n\t\t\t\t<\/div>\n\t\t\t\t<\/div>\n\t\t<div class=\"elementor-element elementor-element-ce906b1 e-con-full e-flex e-con e-child\" data-id=\"ce906b1\" data-element_type=\"container\" data-e-type=\"container\">\n\t\t\t\t<div class=\"elementor-element elementor-element-010091a elementor-widget elementor-widget-image\" data-id=\"010091a\" data-element_type=\"widget\" data-e-type=\"widget\" data-widget_type=\"image.default\">\n\t\t\t\t<div class=\"elementor-widget-container\">\n\t\t\t\t\t\t\t\t\t\t\t\t\t\t\t<img loading=\"lazy\" decoding=\"async\" width=\"347\" height=\"347\" src=\"data:image\/svg+xml;charset=utf-8,%3Csvg xmlns%3D&#039;http%3A%2F%2Fwww.w3.org%2F2000%2Fsvg&#039; viewBox%3D&#039;0 0 347 347&#039;%2F%3E\" class=\"elementor-animation-bob attachment-large size-large wp-image-600 ld-lazyload\" alt=\"\" data-src=\"https:\/\/usitech2000.com\/wp-content\/uploads\/2024\/03\/4.Sous-Traitance-1.png\" data-srcset=\"https:\/\/usitech2000.com\/wp-content\/uploads\/2024\/03\/4.Sous-Traitance-1.png 347w, https:\/\/usitech2000.com\/wp-content\/uploads\/2024\/03\/4.Sous-Traitance-1-300x300.png 300w, https:\/\/usitech2000.com\/wp-content\/uploads\/2024\/03\/4.Sous-Traitance-1-150x150.png 150w\" data-sizes=\"(max-width: 347px) 100vw, 347px\" data-aspect=\"1\" \/>\t\t\t\t\t\t\t\t\t\t\t\t\t\t\t<\/div>\n\t\t\t\t<\/div>\n\t\t\t\t<div class=\"elementor-element elementor-element-09182b8 elementor-widget elementor-widget-heading\" data-id=\"09182b8\" data-element_type=\"widget\" data-e-type=\"widget\" data-widget_type=\"heading.default\">\n\t\t\t\t<div class=\"elementor-widget-container\">\n\t\t\t\t\t<h3 class=\"elementor-heading-title elementor-size-default\">Sous-traitance<\/h3>\t\t\t\t<\/div>\n\t\t\t\t<\/div>\n\t\t\t\t<\/div>\n\t\t<div class=\"elementor-element elementor-element-d0fb11b e-con-full e-flex e-con e-child\" data-id=\"d0fb11b\" data-element_type=\"container\" data-e-type=\"container\">\n\t\t\t\t<div class=\"elementor-element elementor-element-2269d3f elementor-widget elementor-widget-image\" data-id=\"2269d3f\" data-element_type=\"widget\" data-e-type=\"widget\" data-widget_type=\"image.default\">\n\t\t\t\t<div class=\"elementor-widget-container\">\n\t\t\t\t\t\t\t\t\t\t\t\t\t\t\t<img loading=\"lazy\" decoding=\"async\" width=\"347\" height=\"347\" src=\"data:image\/svg+xml;charset=utf-8,%3Csvg xmlns%3D&#039;http%3A%2F%2Fwww.w3.org%2F2000%2Fsvg&#039; viewBox%3D&#039;0 0 347 347&#039;%2F%3E\" class=\"elementor-animation-bob attachment-large size-large wp-image-602 ld-lazyload\" alt=\"\" data-src=\"https:\/\/usitech2000.com\/wp-content\/uploads\/2024\/03\/5.Controle_Qualite-1.png\" data-srcset=\"https:\/\/usitech2000.com\/wp-content\/uploads\/2024\/03\/5.Controle_Qualite-1.png 347w, https:\/\/usitech2000.com\/wp-content\/uploads\/2024\/03\/5.Controle_Qualite-1-300x300.png 300w, https:\/\/usitech2000.com\/wp-content\/uploads\/2024\/03\/5.Controle_Qualite-1-150x150.png 150w\" data-sizes=\"(max-width: 347px) 100vw, 347px\" data-aspect=\"1\" \/>\t\t\t\t\t\t\t\t\t\t\t\t\t\t\t<\/div>\n\t\t\t\t<\/div>\n\t\t\t\t<div class=\"elementor-element elementor-element-e0e12a2 elementor-widget elementor-widget-heading\" data-id=\"e0e12a2\" data-element_type=\"widget\" data-e-type=\"widget\" data-widget_type=\"heading.default\">\n\t\t\t\t<div class=\"elementor-widget-container\">\n\t\t\t\t\t<h3 class=\"elementor-heading-title elementor-size-default\">Contro\u0302le qualite\u0301<\/h3>\t\t\t\t<\/div>\n\t\t\t\t<\/div>\n\t\t\t\t<\/div>\n\t\t<div class=\"elementor-element elementor-element-d111422 e-con-full e-flex e-con e-child\" data-id=\"d111422\" data-element_type=\"container\" data-e-type=\"container\">\n\t\t\t\t<div class=\"elementor-element elementor-element-54e0a0c elementor-widget elementor-widget-image\" data-id=\"54e0a0c\" data-element_type=\"widget\" data-e-type=\"widget\" data-widget_type=\"image.default\">\n\t\t\t\t<div class=\"elementor-widget-container\">\n\t\t\t\t\t\t\t\t\t\t\t\t\t\t\t<img loading=\"lazy\" decoding=\"async\" width=\"347\" height=\"347\" src=\"data:image\/svg+xml;charset=utf-8,%3Csvg xmlns%3D&#039;http%3A%2F%2Fwww.w3.org%2F2000%2Fsvg&#039; viewBox%3D&#039;0 0 347 347&#039;%2F%3E\" class=\"elementor-animation-bob attachment-large size-large wp-image-604 ld-lazyload\" alt=\"\" data-src=\"https:\/\/usitech2000.com\/wp-content\/uploads\/2024\/03\/6.Equipements-1.png\" data-srcset=\"https:\/\/usitech2000.com\/wp-content\/uploads\/2024\/03\/6.Equipements-1.png 347w, https:\/\/usitech2000.com\/wp-content\/uploads\/2024\/03\/6.Equipements-1-300x300.png 300w, https:\/\/usitech2000.com\/wp-content\/uploads\/2024\/03\/6.Equipements-1-150x150.png 150w\" data-sizes=\"(max-width: 347px) 100vw, 347px\" data-aspect=\"1\" \/>\t\t\t\t\t\t\t\t\t\t\t\t\t\t\t<\/div>\n\t\t\t\t<\/div>\n\t\t\t\t<div class=\"elementor-element elementor-element-d0f77ea elementor-widget elementor-widget-heading\" data-id=\"d0f77ea\" data-element_type=\"widget\" data-e-type=\"widget\" data-widget_type=\"heading.default\">\n\t\t\t\t<div class=\"elementor-widget-container\">\n\t\t\t\t\t<h3 class=\"elementor-heading-title elementor-size-default\">\u00c9quipements<\/h3>\t\t\t\t<\/div>\n\t\t\t\t<\/div>\n\t\t\t\t<\/div>\n\t\t\t\t<\/div>\n\t\t\t\t<div class=\"elementor-element elementor-element-40cb8c3 elementor-mobile-align-center elementor-align-center elementor-invisible elementor-widget elementor-widget-button\" data-id=\"40cb8c3\" data-element_type=\"widget\" data-e-type=\"widget\" data-settings=\"{&quot;_animation&quot;:&quot;fadeIn&quot;}\" data-widget_type=\"button.default\">\n\t\t\t\t<div class=\"elementor-widget-container\">\n\t\t\t\t\t\t\t\t\t<div class=\"elementor-button-wrapper\">\n\t\t\t\t\t<a class=\"elementor-button elementor-button-link elementor-size-lg\" href=\"https:\/\/usitech2000.com\/fr\/capacites\/\">\n\t\t\t\t\t\t<span class=\"elementor-button-content-wrapper\">\n\t\t\t\t\t\t\t\t\t<span class=\"elementor-button-text\">En savoir plus<\/span>\n\t\t\t\t\t<\/span>\n\t\t\t\t\t<\/a>\n\t\t\t\t<\/div>\n\t\t\t\t\t\t\t\t<\/div>\n\t\t\t\t<\/div>\n\t\t\t\t\t<\/div>\n\t\t\t\t<\/div>\n\t\t\t\t<section class=\"elementor-section elementor-top-section elementor-element elementor-element-fb61ece elementor-section-full_width elementor-reverse-tablet elementor-reverse-mobile elementor-section-height-default elementor-section-height-default\" data-id=\"fb61ece\" data-element_type=\"section\" data-e-type=\"section\" data-settings=\"{&quot;background_background&quot;:&quot;classic&quot;}\">\n\t\t\t\t\t\t<div class=\"elementor-container elementor-column-gap-default\">\n\t\t\t\t\t<div class=\"elementor-column elementor-col-50 elementor-top-column elementor-element elementor-element-3d4cb92\" data-id=\"3d4cb92\" data-element_type=\"column\" data-e-type=\"column\" data-settings=\"{&quot;background_background&quot;:&quot;classic&quot;}\">\n\t\t\t<div class=\"elementor-widget-wrap elementor-element-populated\">\n\t\t\t\t\t\t<div class=\"elementor-element elementor-element-58e4053 elementor-widget elementor-widget-spacer\" data-id=\"58e4053\" data-element_type=\"widget\" data-e-type=\"widget\" data-widget_type=\"spacer.default\">\n\t\t\t\t<div class=\"elementor-widget-container\">\n\t\t\t\t\t\t\t<div class=\"elementor-spacer\">\n\t\t\t<div class=\"elementor-spacer-inner\"><\/div>\n\t\t<\/div>\n\t\t\t\t\t\t<\/div>\n\t\t\t\t<\/div>\n\t\t\t\t\t<\/div>\n\t\t<\/div>\n\t\t\t\t<div class=\"elementor-column elementor-col-50 elementor-top-column elementor-element elementor-element-fad3cf3\" data-id=\"fad3cf3\" data-element_type=\"column\" data-e-type=\"column\">\n\t\t\t<div class=\"elementor-widget-wrap elementor-element-populated\">\n\t\t\t\t\t\t<div class=\"elementor-element elementor-element-9a4bab2 elementor-widget elementor-widget-heading\" data-id=\"9a4bab2\" data-element_type=\"widget\" data-e-type=\"widget\" data-widget_type=\"heading.default\">\n\t\t\t\t<div class=\"elementor-widget-container\">\n\t\t\t\t\t<h2 class=\"elementor-heading-title elementor-size-default\">Approche de partenariat<\/h2>\t\t\t\t<\/div>\n\t\t\t\t<\/div>\n\t\t\t\t<div class=\"elementor-element elementor-element-b6d6221 elementor-widget elementor-widget-heading\" data-id=\"b6d6221\" data-element_type=\"widget\" data-e-type=\"widget\" data-widget_type=\"heading.default\">\n\t\t\t\t<div class=\"elementor-widget-container\">\n\t\t\t\t\t<h3 class=\"elementor-heading-title elementor-size-default\">Votre partenaire d'usinage strat\u00e9gique<\/h3>\t\t\t\t<\/div>\n\t\t\t\t<\/div>\n\t\t\t\t<div class=\"elementor-element elementor-element-b9642cb elementor-widget elementor-widget-text-editor\" data-id=\"b9642cb\" data-element_type=\"widget\" data-e-type=\"widget\" data-widget_type=\"text-editor.default\">\n\t\t\t\t<div class=\"elementor-widget-container\">\n\t\t\t\t\t\t\t\t\t<p>Notre mod\u00e8le de sous-traitance est d\u2019\u00eatre un partenaire avec nos clients afin de fournir des pi\u00e8ces d\u2019acier de la plus haute qualit\u00e9 pour des opportunit\u00e9s continues \u00e0 grande \u00e9chelle. Nous contribuons \u00e0 accro\u00eetre le retour sur investissement gr\u00e2ce \u00e0 notre offre comp\u00e9titive de produits usin\u00e9s, \u00e0 nos services d\u2019assistance technique et \u00e0 l\u2019importance que nous accordons au respect des d\u00e9lais de livraison et \u00e0 la qualit\u00e9 des produits finis.<\/p>\t\t\t\t\t\t\t\t<\/div>\n\t\t\t\t<\/div>\n\t\t\t\t\t<\/div>\n\t\t<\/div>\n\t\t\t\t\t<\/div>\n\t\t<\/section>\n\t\t\t\t<\/div>\n\t\t","protected":false},"excerpt":{"rendered":"<p>Le partenaire de vos projets d\u2019usinage \u00e0 la pointe de la technologie. Nous joindre Nos services Nos services d&#8217;usinage disponibles 24h\/24, 7j\/7 Usitech 2000 dispose de 4 centres d&#8217;usinage cnc et de 2 tours num\u00e9riques, permettant de fabriquer des pi\u00e8ces simples et complexes de haute qualit\u00e9. Nous joindre Pourquoi Usitech 2000 ? Expertise et fiabilit\u00e9 [&hellip;]<\/p>\n","protected":false},"author":2,"featured_media":0,"parent":0,"menu_order":0,"comment_status":"closed","ping_status":"closed","template":"","meta":{"footnotes":""},"class_list":["post-491","page","type-page","status-publish","hentry"],"_links":{"self":[{"href":"https:\/\/usitech2000.com\/fr\/wp-json\/wp\/v2\/pages\/491","targetHints":{"allow":["GET"]}}],"collection":[{"href":"https:\/\/usitech2000.com\/fr\/wp-json\/wp\/v2\/pages"}],"about":[{"href":"https:\/\/usitech2000.com\/fr\/wp-json\/wp\/v2\/types\/page"}],"author":[{"embeddable":true,"href":"https:\/\/usitech2000.com\/fr\/wp-json\/wp\/v2\/users\/2"}],"replies":[{"embeddable":true,"href":"https:\/\/usitech2000.com\/fr\/wp-json\/wp\/v2\/comments?post=491"}],"version-history":[{"count":0,"href":"https:\/\/usitech2000.com\/fr\/wp-json\/wp\/v2\/pages\/491\/revisions"}],"wp:attachment":[{"href":"https:\/\/usitech2000.com\/fr\/wp-json\/wp\/v2\/media?parent=491"}],"curies":[{"name":"wp","href":"https:\/\/api.w.org\/{rel}","templated":true}]}}